{"id":2,"date":"2022-08-15T23:04:04","date_gmt":"2022-08-15T23:04:04","guid":{"rendered":"https:\/\/nissim.mx\/?page_id=2"},"modified":"2022-08-16T19:24:55","modified_gmt":"2022-08-16T19:24:55","slug":"nosotros","status":"publish","type":"page","link":"https:\/\/nissim.mx\/index.php\/nosotros\/","title":{"rendered":"Nosotros"},"content":{"rendered":"<p>Somos una empresa constructora profesional dedicada a la construcci\u00f3n, topograf\u00eda, ingenier\u00eda estructural, materiales de construcci\u00f3n, mantenimiento y conservaci\u00f3n. Ofrecemos a nuestros clientes soluciones integrales de construcci\u00f3n a la medida que generan valor para cada proyecto. Tambi\u00e9n nos enfocamos en la optimizaci\u00f3n de costos de esta forma logramos maximizar sus recursos monetarios para que pueda obtener un mayor retorno de su inversi\u00f3n. Nuestro c\u00f3digo \u00e9tico est\u00e1 basado en los siguientes valores:<\/p>\n<ul>\n<li>Seguridad: Al ser una empresa de construcci\u00f3n, la seguridad de nuestros colaboradores y clientes es nuestro principal objetivo, mantener siempre la integridad f\u00edsica.<\/li>\n<li>\n<p>Responsabilidad: Estamos comprometidos tanto con la sociedad como con nuestros colaboradores para asegurar el bienestar de ambas partes.<\/p>\n<\/li>\n<li>\n<p>Puntualidad: Estamos convencidos que los plazos puestos para la entrega de los proyectos se tienen que cumplir en el momento y fecha establecidos.<\/p>\n<\/li>\n<\/ul>\n<p>\u00a0<\/p>\n<p>\u00a0<\/p>\n\n\n<div class=\"section-wrapper\" data-id=\"yccjj1\"><script>var topyccjj1 = {\"Desktop\":{\"point\":\"0\",\"unit\":\"px\"}};var bottomyccjj1 = {\"Desktop\":{\"point\":\"0\",\"unit\":\"px\"}};<\/script><section class=\"wp-block-gutenverse-section guten-element guten-section guten-yccjj1 layout-boxed align-stretch\"><div class=\"guten-background-overlay\"><\/div><div class=\"guten-shape-divider guten-shape-divider-top\"><\/div><div class=\"guten-shape-divider guten-shape-divider-bottom\"><\/div><div class=\"guten-container guten-column-gap-default\">\n<div class=\"wp-block-gutenverse-column guten-element guten-column guten-IvCmNs\"><div class=\"guten-background-overlay\"><\/div><div class=\"sticky-wrapper\" data-id=\"IvCmNs\"><script>var topIvCmNs = {\"Desktop\":{\"point\":\"0\",\"unit\":\"px\"}};var bottomIvCmNs = {\"Desktop\":{\"point\":\"0\",\"unit\":\"px\"}};<\/script><div class=\"guten-column-wrapper\">\n<h3 class=\"wp-block-heading\">Misi\u00f3n<\/h3>\n\n\n\n<p>Garantizar la completa satisfacci\u00f3n de nuestros clientes antes, durante y despu\u00e9s del proyecto, proporcionando un servicio eficiente y eficaz, optimizando tiempos y recursos para obtener el resultado deseado en el menor tiempo posible anteponiendo siempre la calidad de la ejecuci\u00f3n.<\/p>\n\n\n\n<p><\/p>\n<\/div><\/div><\/div>\n\n\n\n<div class=\"wp-block-gutenverse-column guten-element guten-column guten-JO7IQ4\"><div class=\"guten-background-overlay\"><\/div><div class=\"sticky-wrapper\" data-id=\"JO7IQ4\"><script>var topJO7IQ4 = {\"Desktop\":{\"point\":\"0\",\"unit\":\"px\"}};var bottomJO7IQ4 = {\"Desktop\":{\"point\":\"0\",\"unit\":\"px\"}};<\/script><div class=\"guten-column-wrapper\">\n<h3 class=\"has-text-align-center wp-block-heading\">Visi\u00f3n<\/h3>\n\n\n\n<p>Ser empresa l\u00edder en construcci\u00f3n coadyuvando con nuestros clientes para cumplir con los objetivos establecidos, implementando la mejora continua, as\u00ed como la innovaci\u00f3n, creatividad y dise\u00f1o \u00fanico<\/p>\n\n\n\n<p><\/p>\n<\/div><\/div><\/div>\n<\/div><\/section><\/div>\n","protected":false},"excerpt":{"rendered":"<p>Somos una empresa constructora profesional dedicada a la construcci\u00f3n, topograf\u00eda, ingenier\u00eda estructural, materiales de construcci\u00f3n, mantenimiento y conservaci\u00f3n. Ofrecemos a nuestros clientes soluciones integrales de construcci\u00f3n a la medida que generan valor para cada proyecto. Tambi\u00e9n nos enfocamos en la optimizaci\u00f3n de costos de esta forma logramos maximizar sus recursos monetarios para que pueda obtener un mayor retorno de su inversi\u00f3n. Nuestro c\u00f3digo \u00e9tico est\u00e1 basado en los siguientes valores: Seguridad: Al ser una empresa de construcci\u00f3n, la seguridad de nuestros colaboradores y clientes es nuestro principal objetivo, mantener siempre la integridad f\u00edsica. Responsabilidad: Estamos comprometidos tanto con la sociedad<\/p>\n","protected":false},"author":1,"featured_media":0,"parent":0,"menu_order":0,"comment_status":"closed","ping_status":"open","template":"","meta":{"om_disable_all_campaigns":false,"_monsterinsights_skip_tracking":false,"_monsterinsights_sitenote_active":false,"_monsterinsights_sitenote_note":"","_monsterinsights_sitenote_category":0,"footnotes":""},"class_list":["post-2","page","type-page","status-publish","hentry"],"aioseo_notices":[],"_links":{"self":[{"href":"https:\/\/nissim.mx\/index.php\/wp-json\/wp\/v2\/pages\/2","targetHints":{"allow":["GET"]}}],"collection":[{"href":"https:\/\/nissim.mx\/index.php\/wp-json\/wp\/v2\/pages"}],"about":[{"href":"https:\/\/nissim.mx\/index.php\/wp-json\/wp\/v2\/types\/page"}],"author":[{"embeddable":true,"href":"https:\/\/nissim.mx\/index.php\/wp-json\/wp\/v2\/users\/1"}],"replies":[{"embeddable":true,"href":"https:\/\/nissim.mx\/index.php\/wp-json\/wp\/v2\/comments?post=2"}],"version-history":[{"count":3,"href":"https:\/\/nissim.mx\/index.php\/wp-json\/wp\/v2\/pages\/2\/revisions"}],"predecessor-version":[{"id":100,"href":"https:\/\/nissim.mx\/index.php\/wp-json\/wp\/v2\/pages\/2\/revisions\/100"}],"wp:attachment":[{"href":"https:\/\/nissim.mx\/index.php\/wp-json\/wp\/v2\/media?parent=2"}],"curies":[{"name":"wp","href":"https:\/\/api.w.org\/{rel}","templated":true}]}}